{"id":8623,"date":"2025-08-06T14:17:41","date_gmt":"2025-08-06T18:17:41","guid":{"rendered":"https:\/\/neobeautyschool.com\/?post_type=product&#038;p=8623"},"modified":"2025-11-10T10:56:50","modified_gmt":"2025-11-10T15:56:50","slug":"jet-oxygen-transdermal-infusion","status":"publish","type":"product","link":"https:\/\/neobeautyschool.com\/es\/producto\/jet-oxygen-transdermal-infusion\/","title":{"rendered":"Infusi\u00f3n transd\u00e9rmica de ox\u00edgeno a chorro"},"content":{"rendered":"","protected":false},"excerpt":{"rendered":"","protected":false},"featured_media":0,"comment_status":"closed","ping_status":"closed","template":"","meta":[],"product_brand":[],"product_cat":[42],"product_tag":[],"class_list":{"0":"post-8623","1":"product","2":"type-product","3":"status-publish","5":"product_cat-uncategorized","7":"first","8":"instock","9":"shipping-taxable","10":"purchasable","11":"product-type-simple"},"_links":{"self":[{"href":"https:\/\/neobeautyschool.com\/es\/wp-json\/wp\/v2\/product\/8623","targetHints":{"allow":["GET"]}}],"collection":[{"href":"https:\/\/neobeautyschool.com\/es\/wp-json\/wp\/v2\/product"}],"about":[{"href":"https:\/\/neobeautyschool.com\/es\/wp-json\/wp\/v2\/types\/product"}],"replies":[{"embeddable":true,"href":"https:\/\/neobeautyschool.com\/es\/wp-json\/wp\/v2\/comments?post=8623"}],"version-history":[{"count":2,"href":"https:\/\/neobeautyschool.com\/es\/wp-json\/wp\/v2\/product\/8623\/revisions"}],"predecessor-version":[{"id":8627,"href":"https:\/\/neobeautyschool.com\/es\/wp-json\/wp\/v2\/product\/8623\/revisions\/8627"}],"wp:attachment":[{"href":"https:\/\/neobeautyschool.com\/es\/wp-json\/wp\/v2\/media?parent=8623"}],"wp:term":[{"taxonomy":"product_brand","embeddable":true,"href":"https:\/\/neobeautyschool.com\/es\/wp-json\/wp\/v2\/product_brand?post=8623"},{"taxonomy":"product_cat","embeddable":true,"href":"https:\/\/neobeautyschool.com\/es\/wp-json\/wp\/v2\/product_cat?post=8623"},{"taxonomy":"product_tag","embeddable":true,"href":"https:\/\/neobeautyschool.com\/es\/wp-json\/wp\/v2\/product_tag?post=8623"}],"curies":[{"name":"wp","href":"https:\/\/api.w.org\/{rel}","templated":true}]}}