{"id":8254,"date":"2025-01-11T14:50:12","date_gmt":"2025-01-11T19:50:12","guid":{"rendered":"https:\/\/neobeautyschool.com\/?post_type=product&#038;p=8254"},"modified":"2025-01-12T14:54:37","modified_gmt":"2025-01-12T19:54:37","slug":"20-ceus-for-electrologists-continuing-education-electrolysis-first-time-renewal","status":"publish","type":"product","link":"https:\/\/neobeautyschool.com\/es\/producto\/20-ceus-for-electrologists-continuing-education-electrolysis-first-time-renewal\/","title":{"rendered":"20 CEUs for Electrologists | Formaci\u00f3n continua - Electr\u00f3lisis | Renovaci\u00f3n por primera vez"},"content":{"rendered":"","protected":false},"excerpt":{"rendered":"","protected":false},"featured_media":0,"comment_status":"closed","ping_status":"closed","template":"","meta":[],"product_brand":[],"product_cat":[42],"product_tag":[],"class_list":{"0":"post-8254","1":"product","2":"type-product","3":"status-publish","5":"product_cat-uncategorized","7":"first","8":"instock","9":"shipping-taxable","10":"purchasable","11":"product-type-simple"},"_links":{"self":[{"href":"https:\/\/neobeautyschool.com\/es\/wp-json\/wp\/v2\/product\/8254","targetHints":{"allow":["GET"]}}],"collection":[{"href":"https:\/\/neobeautyschool.com\/es\/wp-json\/wp\/v2\/product"}],"about":[{"href":"https:\/\/neobeautyschool.com\/es\/wp-json\/wp\/v2\/types\/product"}],"replies":[{"embeddable":true,"href":"https:\/\/neobeautyschool.com\/es\/wp-json\/wp\/v2\/comments?post=8254"}],"version-history":[{"count":1,"href":"https:\/\/neobeautyschool.com\/es\/wp-json\/wp\/v2\/product\/8254\/revisions"}],"predecessor-version":[{"id":8255,"href":"https:\/\/neobeautyschool.com\/es\/wp-json\/wp\/v2\/product\/8254\/revisions\/8255"}],"wp:attachment":[{"href":"https:\/\/neobeautyschool.com\/es\/wp-json\/wp\/v2\/media?parent=8254"}],"wp:term":[{"taxonomy":"product_brand","embeddable":true,"href":"https:\/\/neobeautyschool.com\/es\/wp-json\/wp\/v2\/product_brand?post=8254"},{"taxonomy":"product_cat","embeddable":true,"href":"https:\/\/neobeautyschool.com\/es\/wp-json\/wp\/v2\/product_cat?post=8254"},{"taxonomy":"product_tag","embeddable":true,"href":"https:\/\/neobeautyschool.com\/es\/wp-json\/wp\/v2\/product_tag?post=8254"}],"curies":[{"name":"wp","href":"https:\/\/api.w.org\/{rel}","templated":true}]}}